{"id":13806,"date":"2024-08-01T15:01:06","date_gmt":"2024-08-01T15:01:06","guid":{"rendered":"https:\/\/haos-design.com\/?page_id=13806"},"modified":"2025-10-22T13:24:50","modified_gmt":"2025-10-22T13:24:50","slug":"haos-mutfakta","status":"publish","type":"page","link":"https:\/\/haos-design.com\/en\/haos-kitchen\/","title":{"rendered":"Haos in the Kitchen"},"content":{"rendered":"<div data-elementor-type=\"wp-page\" data-elementor-id=\"13806\" class=\"elementor elementor-13806\">\n\t\t\t\t\t\t<section class=\"elementor-section elementor-top-section elementor-element elementor-element-1c8d4d54 elementor-section-full_width page-masthead bg-image js-lazy loaded page-masthead__bg elementor-section-height-default elementor-section-height-default\" data-id=\"1c8d4d54\" data-element_type=\"section\" data-settings=\"{&quot;background_background&quot;:&quot;classic&quot;}\" data-parallax=\"0.6\">\n\t\t\t\t\t\t<div class=\"elementor-container elementor-column-gap-default container\">\n\t\t\t\t\t<div class=\"elementor-column elementor-col-100 elementor-top-column elementor-element elementor-element-b370b22\" data-id=\"b370b22\" data-element_type=\"column\">\n\t\t\t<div class=\"p-0 page-masthead__content elementor-widget-wrap elementor-element-populated\">\n\t\t\t\t\t\t<div class=\"elementor-section elementor-inner-section elementor-element elementor-element-18fd5edc elementor-section-full_width elementor-section-height-default elementor-section-height-default\" data-id=\"18fd5edc\" data-element_type=\"section\">\n\t\t\t\t\t\t<div class=\"elementor-container elementor-column-gap-default row justify-content-between md:justify-content-center align-items-center row-margin\">\n\t\t\t\t\t<div class=\"elementor-column elementor-col-50 elementor-inner-column elementor-element elementor-element-4ac2c049 col-lg-9 col-md-10\" data-id=\"4ac2c049\" data-element_type=\"column\" data-anim=\"slide-up delay-1\">\n\t\t\t<div class=\"p-0 elementor-widget-wrap elementor-element-populated\">\n\t\t\t\t\t\t<div class=\"elementor-element elementor-element-5c850496 elementor-widget elementor-widget-highlighted-heading\" data-id=\"5c850496\" data-element_type=\"widget\" data-widget_type=\"highlighted-heading.default\">\n\t\t\t\t<div class=\"elementor-widget-container\">\n\t\t\t\t\t<div class=\"highlighted-heading__title page-masthead__subtitle\">HAOS DESIGN<\/div>\t\t\t\t<\/div>\n\t\t\t\t<\/div>\n\t\t\t\t<div class=\"elementor-element elementor-element-712f3312 position-static elementor-widget elementor-widget-highlighted-heading\" data-id=\"712f3312\" data-element_type=\"widget\" data-widget_type=\"highlighted-heading.default\">\n\t\t\t\t<div class=\"elementor-widget-container\">\n\t\t\t\t\t<div class=\"highlighted-heading__title page-masthead__back_title\">Haos in the Kitchen<\/div>\t\t\t\t<\/div>\n\t\t\t\t<\/div>\n\t\t\t\t<div class=\"elementor-element elementor-element-91a26a2 elementor-widget elementor-widget-highlighted-heading\" data-id=\"91a26a2\" data-element_type=\"widget\" data-widget_type=\"highlighted-heading.default\">\n\t\t\t\t<div class=\"elementor-widget-container\">\n\t\t\t\t\t<h1 class=\"highlighted-heading__title page-masthead__title text-white\">Haos in the Kitchen<\/h1>\t\t\t\t<\/div>\n\t\t\t\t<\/div>\n\t\t\t\t\t<\/div>\n\t\t<\/div>\n\t\t\t\t<div class=\"elementor-column elementor-col-50 elementor-inner-column elementor-element elementor-element-2340165d col-lg-auto col-12\" data-id=\"2340165d\" data-element_type=\"column\">\n\t\t\t<div class=\"p-0 elementor-widget-wrap elementor-element-populated\">\n\t\t\t\t\t\t<div class=\"elementor-element elementor-element-6710d6ec elementor-widget elementor-widget-hx-breadcrumb\" data-id=\"6710d6ec\" data-element_type=\"widget\" data-widget_type=\"hx-breadcrumb.default\">\n\t\t\t\t<div class=\"elementor-widget-container\">\n\t\t\t\t\t<div data-anim=\"slide-up delay-1\" class=\"page-masthead-bread text-white md:mt-24 text-right\">Home<\/div>\t\t\t\t<\/div>\n\t\t\t\t<\/div>\n\t\t\t\t\t<\/div>\n\t\t<\/div>\n\t\t\t\t\t<\/div>\n\t\t<\/div>\n\t\t\t\t\t<\/div>\n\t\t<\/div>\n\t\t\t\t\t<\/div>\n\t\t<\/section>\n\t\t<div class=\"elementor-element elementor-element-3544a27 e-flex e-con-boxed e-con e-parent\" data-id=\"3544a27\" data-element_type=\"container\">\n\t\t\t\t\t<div class=\"e-con-inner\">\n\t\t\t\t<div class=\"elementor-element elementor-element-3cca82d elementor-widget elementor-widget-spacer\" data-id=\"3cca82d\" data-element_type=\"widget\" data-widget_type=\"spacer.default\">\n\t\t\t\t<div class=\"elementor-widget-container\">\n\t\t\t\t\t\t\t<div class=\"elementor-spacer\">\n\t\t\t<div class=\"elementor-spacer-inner\"><\/div>\n\t\t<\/div>\n\t\t\t\t\t\t<\/div>\n\t\t\t\t<\/div>\n\t\t\t\t\t<\/div>\n\t\t\t\t<\/div>\n\t\t<div class=\"elementor-element elementor-element-1dca274 e-flex e-con-boxed e-con e-parent\" data-id=\"1dca274\" data-element_type=\"container\">\n\t\t\t\t\t<div class=\"e-con-inner\">\n\t\t<div class=\"elementor-element elementor-element-b469a5b e-con-full e-flex e-con e-child\" data-id=\"b469a5b\" data-element_type=\"container\">\n\t\t\t\t<div class=\"elementor-element elementor-element-801d7bf elementor-widget elementor-widget-spacer\" data-id=\"801d7bf\" data-element_type=\"widget\" data-widget_type=\"spacer.default\">\n\t\t\t\t<div class=\"elementor-widget-container\">\n\t\t\t\t\t\t\t<div class=\"elementor-spacer\">\n\t\t\t<div class=\"elementor-spacer-inner\"><\/div>\n\t\t<\/div>\n\t\t\t\t\t\t<\/div>\n\t\t\t\t<\/div>\n\t\t\t\t<div class=\"elementor-element elementor-element-a842040 elementor-widget elementor-widget-text-editor\" data-id=\"a842040\" data-element_type=\"widget\" data-widget_type=\"text-editor.default\">\n\t\t\t\t<div class=\"elementor-widget-container\">\n\t\t\t\t\t\t\t\t\t<p>In the first part of this series, enjoy an intimate conversation with Haos Design's creative minds Z\u00fclal \u00c7ak\u0131c\u0131 and Hamide G\u00f6ksan.<\/p><p>\u00a0<\/p><p>Discover the inside of Haos Design and learn everything from their tiny house production to their social responsibility projects. Discover how design, aesthetics and sustainability come together and how they dedicate their lives to this passionate project.<\/p><p>\u00a0<\/p><p>At Haos Kitchen, we push the boundaries of design and life! Don't miss it! \ud83d\udc77\u200d\u2640\ufe0f\ud83c\udfe1\ud83c\udf3f<\/p>\t\t\t\t\t\t\t\t<\/div>\n\t\t\t\t<\/div>\n\t\t\t\t<\/div>\n\t\t<div class=\"elementor-element elementor-element-91cb427 e-con-full e-flex e-con e-child\" data-id=\"91cb427\" data-element_type=\"container\">\n\t\t\t\t<div class=\"elementor-element elementor-element-485f8d1 elementor-widget elementor-widget-video\" data-id=\"485f8d1\" data-element_type=\"widget\" data-settings=\"{&quot;youtube_url&quot;:&quot;https:\\\/\\\/www.youtube.com\\\/watch?v=AFI_YtfzYiM&amp;t=1816s&quot;,&quot;video_type&quot;:&quot;youtube&quot;,&quot;controls&quot;:&quot;yes&quot;}\" data-widget_type=\"video.default\">\n\t\t\t\t<div class=\"elementor-widget-container\">\n\t\t\t\t\t\t\t<div class=\"elementor-wrapper elementor-open-inline\">\n\t\t\t<div class=\"elementor-video\"><\/div>\t\t<\/div>\n\t\t\t\t\t\t<\/div>\n\t\t\t\t<\/div>\n\t\t\t\t<\/div>\n\t\t\t\t\t<\/div>\n\t\t\t\t<\/div>\n\t\t<div class=\"elementor-element elementor-element-c8269a7 e-flex e-con-boxed e-con e-parent\" data-id=\"c8269a7\" data-element_type=\"container\">\n\t\t\t\t\t<div class=\"e-con-inner\">\n\t\t\t\t<div class=\"elementor-element elementor-element-6c651fa elementor-widget elementor-widget-spacer\" data-id=\"6c651fa\" data-element_type=\"widget\" data-widget_type=\"spacer.default\">\n\t\t\t\t<div class=\"elementor-widget-container\">\n\t\t\t\t\t\t\t<div class=\"elementor-spacer\">\n\t\t\t<div class=\"elementor-spacer-inner\"><\/div>\n\t\t<\/div>\n\t\t\t\t\t\t<\/div>\n\t\t\t\t<\/div>\n\t\t\t\t\t<\/div>\n\t\t\t\t<\/div>\n\t\t\t\t<\/div>","protected":false},"excerpt":{"rendered":"<p>HAOS DESIGN Haos Mutfakta Haos Mutfakta Haos Design\u2019in kap\u0131lar\u0131n\u0131 aral\u0131yoruz ve Haos Mutfak\u2019ta ba\u015fl\u0131yoruz! Bu serinin ilk b\u00f6l\u00fcm\u00fcnde, Haos Design\u2019in yarat\u0131c\u0131 zek\u00e2lar\u0131 Z\u00fclal \u00c7ak\u0131c\u0131 ve Hamide G\u00f6ksan ile samimi bir sohbetin tad\u0131n\u0131 \u00e7\u0131kar\u0131n. \u00a0 Haos Design\u2019in i\u00e7 y\u00fcz\u00fcn\u00fc ke\u015ffedin, tiny house \u00fcretiminden sosyal sorumluluk projelerine kadar her \u015feyi \u00f6\u011frenin. Tasar\u0131m\u0131n, esteti\u011fin ve s\u00fcrd\u00fcr\u00fclebilirli\u011fin nas\u0131l bir [&hellip;]<\/p>","protected":false},"author":1,"featured_media":0,"parent":0,"menu_order":0,"comment_status":"closed","ping_status":"closed","template":"elementor_header_footer","meta":{"_acf_changed":false,"footnotes":""},"class_list":["post-13806","page","type-page","status-publish","hentry"],"acf":[],"yoast_head":"<!-- This site is optimized with the Yoast SEO plugin v26.2 - https:\/\/yoast.com\/wordpress\/plugins\/seo\/ -->\n<title>Haos Mutfakta - Haos Design<\/title>\n<meta name=\"robots\" content=\"index, follow, max-snippet:-1, max-image-preview:large, max-video-preview:-1\" \/>\n<link rel=\"canonical\" href=\"https:\/\/haos-design.com\/en\/haos-kitchen\/\" \/>\n<meta property=\"og:locale\" content=\"en_US\" \/>\n<meta property=\"og:type\" content=\"article\" \/>\n<meta property=\"og:title\" content=\"Haos Mutfakta - Haos Design\" \/>\n<meta property=\"og:description\" content=\"HAOS DESIGN Haos Mutfakta Haos Mutfakta Haos Design\u2019in kap\u0131lar\u0131n\u0131 aral\u0131yoruz ve Haos Mutfak\u2019ta ba\u015fl\u0131yoruz! Bu serinin ilk b\u00f6l\u00fcm\u00fcnde, Haos Design\u2019in yarat\u0131c\u0131 zek\u00e2lar\u0131 Z\u00fclal \u00c7ak\u0131c\u0131 ve Hamide G\u00f6ksan ile samimi bir sohbetin tad\u0131n\u0131 \u00e7\u0131kar\u0131n. \u00a0 Haos Design\u2019in i\u00e7 y\u00fcz\u00fcn\u00fc ke\u015ffedin, tiny house \u00fcretiminden sosyal sorumluluk projelerine kadar her \u015feyi \u00f6\u011frenin. Tasar\u0131m\u0131n, esteti\u011fin ve s\u00fcrd\u00fcr\u00fclebilirli\u011fin nas\u0131l bir [&hellip;]\" \/>\n<meta property=\"og:url\" content=\"https:\/\/haos-design.com\/en\/haos-kitchen\/\" \/>\n<meta property=\"og:site_name\" content=\"Haos Design\" \/>\n<meta property=\"article:modified_time\" content=\"2025-10-22T13:24:50+00:00\" \/>\n<meta name=\"twitter:card\" content=\"summary_large_image\" \/>\n<meta name=\"twitter:label1\" content=\"Est. reading time\" \/>\n\t<meta name=\"twitter:data1\" content=\"1 minute\" \/>\n<script type=\"application\/ld+json\" class=\"yoast-schema-graph\">{\"@context\":\"https:\/\/schema.org\",\"@graph\":[{\"@type\":\"WebPage\",\"@id\":\"https:\/\/haos-design.com\/haos-mutfakta\/\",\"url\":\"https:\/\/haos-design.com\/haos-mutfakta\/\",\"name\":\"Haos Mutfakta - Haos Design\",\"isPartOf\":{\"@id\":\"https:\/\/haos-design.com\/#website\"},\"datePublished\":\"2024-08-01T15:01:06+00:00\",\"dateModified\":\"2025-10-22T13:24:50+00:00\",\"breadcrumb\":{\"@id\":\"https:\/\/haos-design.com\/haos-mutfakta\/#breadcrumb\"},\"inLanguage\":\"en-US\",\"potentialAction\":[{\"@type\":\"ReadAction\",\"target\":[\"https:\/\/haos-design.com\/haos-mutfakta\/\"]}]},{\"@type\":\"BreadcrumbList\",\"@id\":\"https:\/\/haos-design.com\/haos-mutfakta\/#breadcrumb\",\"itemListElement\":[{\"@type\":\"ListItem\",\"position\":1,\"name\":\"Anasayfa\",\"item\":\"https:\/\/haos-design.com\/en\/\"},{\"@type\":\"ListItem\",\"position\":2,\"name\":\"Haos Mutfakta\"}]},{\"@type\":\"WebSite\",\"@id\":\"https:\/\/haos-design.com\/#website\",\"url\":\"https:\/\/haos-design.com\/\",\"name\":\"Haos Design\",\"description\":\"\",\"publisher\":{\"@id\":\"https:\/\/haos-design.com\/#organization\"},\"potentialAction\":[{\"@type\":\"SearchAction\",\"target\":{\"@type\":\"EntryPoint\",\"urlTemplate\":\"https:\/\/haos-design.com\/?s={search_term_string}\"},\"query-input\":{\"@type\":\"PropertyValueSpecification\",\"valueRequired\":true,\"valueName\":\"search_term_string\"}}],\"inLanguage\":\"en-US\"},{\"@type\":\"Organization\",\"@id\":\"https:\/\/haos-design.com\/#organization\",\"name\":\"Haos Design\",\"url\":\"https:\/\/haos-design.com\/\",\"logo\":{\"@type\":\"ImageObject\",\"inLanguage\":\"en-US\",\"@id\":\"https:\/\/haos-design.com\/#\/schema\/logo\/image\/\",\"url\":\"https:\/\/haos-design.com\/wp-content\/uploads\/2024\/08\/cropped-cropped-cropped-LOGO-33-1.png\",\"contentUrl\":\"https:\/\/haos-design.com\/wp-content\/uploads\/2024\/08\/cropped-cropped-cropped-LOGO-33-1.png\",\"width\":472,\"height\":491,\"caption\":\"Haos Design\"},\"image\":{\"@id\":\"https:\/\/haos-design.com\/#\/schema\/logo\/image\/\"}}]}<\/script>\n<!-- \/ Yoast SEO plugin. -->","yoast_head_json":{"title":"Haos Mutfakta - Haos Design","robots":{"index":"index","follow":"follow","max-snippet":"max-snippet:-1","max-image-preview":"max-image-preview:large","max-video-preview":"max-video-preview:-1"},"canonical":"https:\/\/haos-design.com\/en\/haos-kitchen\/","og_locale":"en_US","og_type":"article","og_title":"Haos Mutfakta - Haos Design","og_description":"HAOS DESIGN Haos Mutfakta Haos Mutfakta Haos Design\u2019in kap\u0131lar\u0131n\u0131 aral\u0131yoruz ve Haos Mutfak\u2019ta ba\u015fl\u0131yoruz! Bu serinin ilk b\u00f6l\u00fcm\u00fcnde, Haos Design\u2019in yarat\u0131c\u0131 zek\u00e2lar\u0131 Z\u00fclal \u00c7ak\u0131c\u0131 ve Hamide G\u00f6ksan ile samimi bir sohbetin tad\u0131n\u0131 \u00e7\u0131kar\u0131n. \u00a0 Haos Design\u2019in i\u00e7 y\u00fcz\u00fcn\u00fc ke\u015ffedin, tiny house \u00fcretiminden sosyal sorumluluk projelerine kadar her \u015feyi \u00f6\u011frenin. Tasar\u0131m\u0131n, esteti\u011fin ve s\u00fcrd\u00fcr\u00fclebilirli\u011fin nas\u0131l bir [&hellip;]","og_url":"https:\/\/haos-design.com\/en\/haos-kitchen\/","og_site_name":"Haos Design","article_modified_time":"2025-10-22T13:24:50+00:00","twitter_card":"summary_large_image","twitter_misc":{"Est. reading time":"1 minute"},"schema":{"@context":"https:\/\/schema.org","@graph":[{"@type":"WebPage","@id":"https:\/\/haos-design.com\/haos-mutfakta\/","url":"https:\/\/haos-design.com\/haos-mutfakta\/","name":"Haos Mutfakta - Haos Design","isPartOf":{"@id":"https:\/\/haos-design.com\/#website"},"datePublished":"2024-08-01T15:01:06+00:00","dateModified":"2025-10-22T13:24:50+00:00","breadcrumb":{"@id":"https:\/\/haos-design.com\/haos-mutfakta\/#breadcrumb"},"inLanguage":"en-US","potentialAction":[{"@type":"ReadAction","target":["https:\/\/haos-design.com\/haos-mutfakta\/"]}]},{"@type":"BreadcrumbList","@id":"https:\/\/haos-design.com\/haos-mutfakta\/#breadcrumb","itemListElement":[{"@type":"ListItem","position":1,"name":"Anasayfa","item":"https:\/\/haos-design.com\/en\/"},{"@type":"ListItem","position":2,"name":"Haos Mutfakta"}]},{"@type":"WebSite","@id":"https:\/\/haos-design.com\/#website","url":"https:\/\/haos-design.com\/","name":"Haos Design","description":"","publisher":{"@id":"https:\/\/haos-design.com\/#organization"},"potentialAction":[{"@type":"SearchAction","target":{"@type":"EntryPoint","urlTemplate":"https:\/\/haos-design.com\/?s={search_term_string}"},"query-input":{"@type":"PropertyValueSpecification","valueRequired":true,"valueName":"search_term_string"}}],"inLanguage":"en-US"},{"@type":"Organization","@id":"https:\/\/haos-design.com\/#organization","name":"Haos Design","url":"https:\/\/haos-design.com\/","logo":{"@type":"ImageObject","inLanguage":"en-US","@id":"https:\/\/haos-design.com\/#\/schema\/logo\/image\/","url":"https:\/\/haos-design.com\/wp-content\/uploads\/2024\/08\/cropped-cropped-cropped-LOGO-33-1.png","contentUrl":"https:\/\/haos-design.com\/wp-content\/uploads\/2024\/08\/cropped-cropped-cropped-LOGO-33-1.png","width":472,"height":491,"caption":"Haos Design"},"image":{"@id":"https:\/\/haos-design.com\/#\/schema\/logo\/image\/"}}]}},"_links":{"self":[{"href":"https:\/\/haos-design.com\/en\/wp-json\/wp\/v2\/pages\/13806","targetHints":{"allow":["GET"]}}],"collection":[{"href":"https:\/\/haos-design.com\/en\/wp-json\/wp\/v2\/pages"}],"about":[{"href":"https:\/\/haos-design.com\/en\/wp-json\/wp\/v2\/types\/page"}],"author":[{"embeddable":true,"href":"https:\/\/haos-design.com\/en\/wp-json\/wp\/v2\/users\/1"}],"replies":[{"embeddable":true,"href":"https:\/\/haos-design.com\/en\/wp-json\/wp\/v2\/comments?post=13806"}],"version-history":[{"count":30,"href":"https:\/\/haos-design.com\/en\/wp-json\/wp\/v2\/pages\/13806\/revisions"}],"predecessor-version":[{"id":39677,"href":"https:\/\/haos-design.com\/en\/wp-json\/wp\/v2\/pages\/13806\/revisions\/39677"}],"wp:attachment":[{"href":"https:\/\/haos-design.com\/en\/wp-json\/wp\/v2\/media?parent=13806"}],"curies":[{"name":"wp","href":"https:\/\/api.w.org\/{rel}","templated":true}]}}