{"id":13804,"date":"2024-08-01T14:54:45","date_gmt":"2024-08-01T14:54:45","guid":{"rendered":"https:\/\/haos-design.com\/?page_id=13804"},"modified":"2024-11-20T09:01:17","modified_gmt":"2024-11-20T09:01:17","slug":"tiny-haos-teknik-ozellikler","status":"publish","type":"page","link":"https:\/\/haos-design.com\/en\/tiny-haos-technical-specifications\/","title":{"rendered":"Tiny Haos Technical Specifications"},"content":{"rendered":"<div data-elementor-type=\"wp-page\" data-elementor-id=\"13804\" class=\"elementor elementor-13804\">\n\t\t\t\t\t\t<section class=\"elementor-section elementor-top-section elementor-element elementor-element-1c8d4d54 elementor-section-full_width page-masthead bg-image js-lazy loaded page-masthead__bg elementor-section-height-default elementor-section-height-default\" data-id=\"1c8d4d54\" data-element_type=\"section\" data-settings=\"{&quot;background_background&quot;:&quot;classic&quot;}\" data-parallax=\"0.6\">\n\t\t\t\t\t\t<div class=\"elementor-container elementor-column-gap-default container\">\n\t\t\t\t\t<div class=\"elementor-column elementor-col-100 elementor-top-column elementor-element elementor-element-b370b22\" data-id=\"b370b22\" data-element_type=\"column\">\n\t\t\t<div class=\"p-0 page-masthead__content elementor-widget-wrap elementor-element-populated\">\n\t\t\t\t\t\t<div class=\"elementor-section elementor-inner-section elementor-element elementor-element-18fd5edc elementor-section-full_width elementor-section-height-default elementor-section-height-default\" data-id=\"18fd5edc\" data-element_type=\"section\">\n\t\t\t\t\t\t<div class=\"elementor-container elementor-column-gap-default row justify-content-between md:justify-content-center align-items-center row-margin\">\n\t\t\t\t\t<div class=\"elementor-column elementor-col-50 elementor-inner-column elementor-element elementor-element-4ac2c049 col-lg-9 col-md-10\" data-id=\"4ac2c049\" data-element_type=\"column\" data-anim=\"slide-up delay-1\">\n\t\t\t<div class=\"p-0 elementor-widget-wrap elementor-element-populated\">\n\t\t\t\t\t\t<div class=\"elementor-element elementor-element-5c850496 elementor-widget elementor-widget-highlighted-heading\" data-id=\"5c850496\" data-element_type=\"widget\" data-widget_type=\"highlighted-heading.default\">\n\t\t\t\t<div class=\"elementor-widget-container\">\n\t\t\t\t\t<div class=\"highlighted-heading__title page-masthead__subtitle\">TINY HAOS <\/div>\t\t\t\t<\/div>\n\t\t\t\t<\/div>\n\t\t\t\t<div class=\"elementor-element elementor-element-712f3312 position-static elementor-widget elementor-widget-highlighted-heading\" data-id=\"712f3312\" data-element_type=\"widget\" data-widget_type=\"highlighted-heading.default\">\n\t\t\t\t<div class=\"elementor-widget-container\">\n\t\t\t\t\t<div class=\"highlighted-heading__title page-masthead__back_title\">Tiny House Technical Specifications<\/div>\t\t\t\t<\/div>\n\t\t\t\t<\/div>\n\t\t\t\t<div class=\"elementor-element elementor-element-91a26a2 elementor-widget elementor-widget-highlighted-heading\" data-id=\"91a26a2\" data-element_type=\"widget\" data-widget_type=\"highlighted-heading.default\">\n\t\t\t\t<div class=\"elementor-widget-container\">\n\t\t\t\t\t<h1 class=\"highlighted-heading__title page-masthead__title text-white\">Tiny House Technical Specifications<\/h1>\t\t\t\t<\/div>\n\t\t\t\t<\/div>\n\t\t\t\t\t<\/div>\n\t\t<\/div>\n\t\t\t\t<div class=\"elementor-column elementor-col-50 elementor-inner-column elementor-element elementor-element-2340165d col-lg-auto col-12\" data-id=\"2340165d\" data-element_type=\"column\">\n\t\t\t<div class=\"p-0 elementor-widget-wrap elementor-element-populated\">\n\t\t\t\t\t\t<div class=\"elementor-element elementor-element-6710d6ec elementor-widget elementor-widget-hx-breadcrumb\" data-id=\"6710d6ec\" data-element_type=\"widget\" data-widget_type=\"hx-breadcrumb.default\">\n\t\t\t\t<div class=\"elementor-widget-container\">\n\t\t\t\t\t<div data-anim=\"slide-up delay-1\" class=\"page-masthead-bread text-white md:mt-24 text-right\">Home<\/div>\t\t\t\t<\/div>\n\t\t\t\t<\/div>\n\t\t\t\t\t<\/div>\n\t\t<\/div>\n\t\t\t\t\t<\/div>\n\t\t<\/div>\n\t\t\t\t\t<\/div>\n\t\t<\/div>\n\t\t\t\t\t<\/div>\n\t\t<\/section>\n\t\t<div class=\"elementor-element elementor-element-4b9691f e-flex e-con-boxed e-con e-parent\" data-id=\"4b9691f\" data-element_type=\"container\">\n\t\t\t\t\t<div class=\"e-con-inner\">\n\t\t\t\t<div class=\"elementor-element elementor-element-426d2d1 elementor-widget elementor-widget-spacer\" data-id=\"426d2d1\" data-element_type=\"widget\" data-widget_type=\"spacer.default\">\n\t\t\t\t<div class=\"elementor-widget-container\">\n\t\t\t\t\t\t\t<div class=\"elementor-spacer\">\n\t\t\t<div class=\"elementor-spacer-inner\"><\/div>\n\t\t<\/div>\n\t\t\t\t\t\t<\/div>\n\t\t\t\t<\/div>\n\t\t\t\t<div class=\"elementor-element elementor-element-9168c6e elementor-widget elementor-widget-shortcode\" data-id=\"9168c6e\" data-element_type=\"widget\" data-widget_type=\"shortcode.default\">\n\t\t\t\t<div class=\"elementor-widget-container\">\n\t\t\t\t\t\t\t<div class=\"elementor-shortcode\"><div class=\"_df_book df-lite\" id=\"df_15888\"  _slug=\"tiny-haos-katalog\" data-title=\"tiny-haos-katalog\" wpoptions=\"true\" thumbtype=\"\" ><\/div><script class=\"df-shortcode-script\" nowprocket type=\"application\/javascript\">window.option_df_15888 = {\"outline\":[],\"autoEnableOutline\":\"false\",\"autoEnableThumbnail\":\"false\",\"overwritePDFOutline\":\"false\",\"direction\":\"1\",\"pageSize\":\"0\",\"source\":\"https:\\\/\\\/haos-design.com\\\/wp-content\\\/uploads\\\/2024\\\/08\\\/tiny-house-katalog-1.pdf\",\"wpOptions\":\"true\"}; if(window.DFLIP && window.DFLIP.parseBooks){window.DFLIP.parseBooks();}<\/script>\t<\/div>\n\t\t\t\t\t\t<\/div>\n\t\t\t\t<\/div>\n\t\t\t\t<div class=\"elementor-element elementor-element-caf1853 elementor-hidden-desktop elementor-hidden-tablet elementor-hidden-mobile elementor-widget elementor-widget-shortcode\" data-id=\"caf1853\" data-element_type=\"widget\" data-widget_type=\"shortcode.default\">\n\t\t\t\t<div class=\"elementor-widget-container\">\n\t\t\t\t\t\t\t<div class=\"elementor-shortcode\"><div class=\"_df_book df-lite\" id=\"df_17051\"  _slug=\"teknik-ozellikler-1\" data-title=\"teknik-ozellikler-1\" wpoptions=\"true\" thumbtype=\"\" ><\/div><script class=\"df-shortcode-script\" nowprocket type=\"application\/javascript\">window.option_df_17051 = {\"outline\":[],\"autoEnableOutline\":\"false\",\"autoEnableThumbnail\":\"false\",\"overwritePDFOutline\":\"false\",\"direction\":\"1\",\"pageSize\":\"0\",\"source\":\"https:\\\/\\\/haos-design.com\\\/wp-content\\\/uploads\\\/2024\\\/08\\\/2024-PRICE-CATALOG.pdf\",\"wpOptions\":\"true\"}; if(window.DFLIP && window.DFLIP.parseBooks){window.DFLIP.parseBooks();}<\/script>\t<\/div>\n\t\t\t\t\t\t<\/div>\n\t\t\t\t<\/div>\n\t\t\t\t<div class=\"elementor-element elementor-element-830a4b3 elementor-widget elementor-widget-spacer\" data-id=\"830a4b3\" data-element_type=\"widget\" data-widget_type=\"spacer.default\">\n\t\t\t\t<div class=\"elementor-widget-container\">\n\t\t\t\t\t\t\t<div class=\"elementor-spacer\">\n\t\t\t<div class=\"elementor-spacer-inner\"><\/div>\n\t\t<\/div>\n\t\t\t\t\t\t<\/div>\n\t\t\t\t<\/div>\n\t\t\t\t\t<\/div>\n\t\t\t\t<\/div>\n\t\t<div class=\"elementor-element elementor-element-1dd3abe e-flex e-con-boxed e-con e-parent\" data-id=\"1dd3abe\" data-element_type=\"container\">\n\t\t\t\t\t<div class=\"e-con-inner\">\n\t\t\t\t<div class=\"elementor-element elementor-element-5ed2c06 elementor-widget elementor-widget-spacer\" data-id=\"5ed2c06\" data-element_type=\"widget\" data-widget_type=\"spacer.default\">\n\t\t\t\t<div class=\"elementor-widget-container\">\n\t\t\t\t\t\t\t<div class=\"elementor-spacer\">\n\t\t\t<div class=\"elementor-spacer-inner\"><\/div>\n\t\t<\/div>\n\t\t\t\t\t\t<\/div>\n\t\t\t\t<\/div>\n\t\t\t\t\t<\/div>\n\t\t\t\t<\/div>\n\t\t\t\t<section class=\"elementor-section elementor-top-section elementor-element elementor-element-ca59a60 elementor-section-boxed elementor-section-height-default elementor-section-height-default\" data-id=\"ca59a60\" data-element_type=\"section\">\n\t\t\t\t\t\t<div class=\"elementor-container elementor-column-gap-default\">\n\t\t\t\t\t<div class=\"elementor-column elementor-col-100 elementor-top-column elementor-element elementor-element-59ad500\" data-id=\"59ad500\" data-element_type=\"column\">\n\t\t\t<div class=\"elementor-widget-wrap elementor-element-populated\">\n\t\t\t\t\t\t<div class=\"elementor-section elementor-inner-section elementor-element elementor-element-27e8376 elementor-section-full_width elementor-section-height-default elementor-section-height-default\" data-id=\"27e8376\" data-element_type=\"section\">\n\t\t\t\t\t\t<div class=\"elementor-container elementor-column-gap-default row row-margin\">\n\t\t\t\t\t<div class=\"elementor-column elementor-col-100 elementor-inner-column elementor-element elementor-element-a47a9bb col-12\" data-id=\"a47a9bb\" data-element_type=\"column\">\n\t\t\t<div class=\"p-0 sectionHeading -top-line text-center elementor-widget-wrap elementor-element-populated\">\n\t\t\t\t\t\t<div class=\"elementor-element elementor-element-9c6afa3 elementor-widget elementor-widget-highlighted-heading\" data-id=\"9c6afa3\" data-element_type=\"widget\" data-widget_type=\"highlighted-heading.default\">\n\t\t\t\t<div class=\"elementor-widget-container\">\n\t\t\t\t\t<span class=\"highlighted-heading__title sectionHeading__subtitle\">HAOS DESIGN<\/span>\t\t\t\t<\/div>\n\t\t\t\t<\/div>\n\t\t\t\t<div class=\"elementor-element elementor-element-a7291f3 elementor-widget elementor-widget-highlighted-heading\" data-id=\"a7291f3\" data-element_type=\"widget\" data-widget_type=\"highlighted-heading.default\">\n\t\t\t\t<div class=\"elementor-widget-container\">\n\t\t\t\t\t<h2 class=\"highlighted-heading__title sectionHeading__title mb-0\">Send Message<\/h2>\t\t\t\t<\/div>\n\t\t\t\t<\/div>\n\t\t\t\t\t<\/div>\n\t\t<\/div>\n\t\t\t\t\t<\/div>\n\t\t<\/div>\n\t\t\t\t\t<\/div>\n\t\t<\/div>\n\t\t\t\t\t<\/div>\n\t\t<\/section>\n\t\t<div class=\"elementor-element elementor-element-74e6234 e-flex e-con-boxed e-con e-parent\" data-id=\"74e6234\" data-element_type=\"container\">\n\t\t\t\t\t<div class=\"e-con-inner\">\n\t\t\t\t<div class=\"elementor-element elementor-element-b184656 elementor-widget elementor-widget-shortcode\" data-id=\"b184656\" data-element_type=\"widget\" data-widget_type=\"shortcode.default\">\n\t\t\t\t<div class=\"elementor-widget-container\">\n\t\t\t\t\t\t\t<div class=\"elementor-shortcode\">\n<div class=\"wpcf7 no-js\" id=\"wpcf7-f16390-o1\" lang=\"tr-TR\" dir=\"ltr\" data-wpcf7-id=\"16390\">\n<div class=\"screen-reader-response\"><p role=\"status\" aria-live=\"polite\" aria-atomic=\"true\"><\/p> <ul><\/ul><\/div>\n<form action=\"\/en\/wp-json\/wp\/v2\/pages\/13804#wpcf7-f16390-o1\" method=\"post\" class=\"wpcf7-form init\" aria-label=\"\u0130leti\u015fim Formu\" novalidate=\"novalidate\" data-status=\"init\" data-trp-original-action=\"\/en\/wp-json\/wp\/v2\/pages\/13804#wpcf7-f16390-o1\">\n<fieldset class=\"hidden-fields-container\"><input type=\"hidden\" name=\"_wpcf7\" value=\"16390\" \/><input type=\"hidden\" name=\"_wpcf7_version\" value=\"6.1.2\" \/><input type=\"hidden\" name=\"_wpcf7_locale\" value=\"tr_TR\" \/><input type=\"hidden\" name=\"_wpcf7_unit_tag\" value=\"wpcf7-f16390-o1\" \/><input type=\"hidden\" name=\"_wpcf7_container_post\" value=\"0\" \/><input type=\"hidden\" name=\"_wpcf7_posted_data_hash\" value=\"\" \/><input type=\"hidden\" name=\"_wpcf7_recaptcha_response\" value=\"\" \/>\n<\/fieldset>\n<div class=\"d-flex width-100 mt-20\">\n<span class=\"wpcf7-form-control-wrap\" data-name=\"your-name\"><input size=\"40\" maxlength=\"400\" class=\"wpcf7-form-control wpcf7-text wpcf7-validates-as-required\" aria-required=\"true\" aria-invalid=\"false\" placeholder=\"Your Name and Surname\" value=\"\" type=\"text\" name=\"your-name\" \/><\/span>\n<span class=\"wpcf7-form-control-wrap\" data-name=\"your-email\"><input size=\"40\" maxlength=\"400\" class=\"wpcf7-form-control wpcf7-text wpcf7-validates-as-required\" aria-required=\"true\" aria-invalid=\"false\" placeholder=\"Your E-Mail Address\" value=\"\" type=\"text\" name=\"your-email\" \/><\/span>\n<\/div>\n<div class=\"d-flex width-100 mt-20\">\n<span class=\"wpcf7-form-control-wrap\" data-name=\"your-phone\"><input size=\"40\" maxlength=\"400\" class=\"wpcf7-form-control wpcf7-text wpcf7-validates-as-required\" aria-required=\"true\" aria-invalid=\"false\" placeholder=\"Your Phone Number\" value=\"\" type=\"text\" name=\"your-phone\" \/><\/span>\n<span class=\"wpcf7-form-control-wrap\" data-name=\"your-address\"><input size=\"40\" maxlength=\"400\" class=\"wpcf7-form-control wpcf7-text wpcf7-validates-as-required\" aria-required=\"true\" aria-invalid=\"false\" placeholder=\"Your address\" value=\"\" type=\"text\" name=\"your-address\" \/><\/span>\n<\/div>\n<div class=\"mt-20\">\n<span class=\"wpcf7-form-control-wrap\" data-name=\"your-subject\"><input size=\"40\" maxlength=\"400\" class=\"wpcf7-form-control wpcf7-text wpcf7-validates-as-required\" aria-required=\"true\" aria-invalid=\"false\" placeholder=\"Subject\" value=\"\" type=\"text\" name=\"your-subject\" \/><\/span>\n<\/div>\n<div class=\"mt-20\">\n<span class=\"wpcf7-form-control-wrap\" data-name=\"your-message\"><textarea cols=\"40\" rows=\"10\" maxlength=\"2000\" class=\"wpcf7-form-control wpcf7-textarea wpcf7-validates-as-required\" aria-required=\"true\" aria-invalid=\"false\" placeholder=\"Your message\" name=\"your-message\"><\/textarea><\/span>\n<\/div>\n\n<input class=\"wpcf7-form-control wpcf7-hidden\" value=\"\" type=\"hidden\" name=\"utm_source\" \/>\n<input class=\"wpcf7-form-control wpcf7-hidden\" value=\"\" type=\"hidden\" name=\"utm_medium\" \/>\n<input class=\"wpcf7-form-control wpcf7-hidden\" value=\"\" type=\"hidden\" name=\"utm_campaign\" \/>\n<input class=\"wpcf7-form-control wpcf7-hidden\" value=\"\" type=\"hidden\" name=\"utm_keyword\" \/>\n<input class=\"wpcf7-form-control wpcf7-hidden\" value=\"\" type=\"hidden\" name=\"utm_content\" \/>\n\n<input class=\"wpcf7-form-control wpcf7-submit has-spinner button -md -accent text-white mt-20\" type=\"submit\" value=\"Send\" \/><p style=\"display: none !important;\" class=\"akismet-fields-container\" data-prefix=\"_wpcf7_ak_\"><label>&#916;<textarea name=\"_wpcf7_ak_hp_textarea\" cols=\"45\" rows=\"8\" maxlength=\"100\"><\/textarea><\/label><input type=\"hidden\" id=\"ak_js_1\" name=\"_wpcf7_ak_js\" value=\"10\"\/><script>document.getElementById( \"ak_js_1\" ).setAttribute( \"value\", ( new Date() ).getTime() );<\/script><\/p><div class=\"wpcf7-response-output\" aria-hidden=\"true\"><\/div>\n<input type=\"hidden\" name=\"trp-form-language\" value=\"en\"\/><\/form>\n<\/div>\n<\/div>\n\t\t\t\t\t\t<\/div>\n\t\t\t\t<\/div>\n\t\t\t\t\t<\/div>\n\t\t\t\t<\/div>\n\t\t<div class=\"elementor-element elementor-element-bc3f723 e-flex e-con-boxed e-con e-parent\" data-id=\"bc3f723\" data-element_type=\"container\">\n\t\t\t\t\t<div class=\"e-con-inner\">\n\t\t\t\t<div class=\"elementor-element elementor-element-a22a261 elementor-widget elementor-widget-spacer\" data-id=\"a22a261\" data-element_type=\"widget\" data-widget_type=\"spacer.default\">\n\t\t\t\t<div class=\"elementor-widget-container\">\n\t\t\t\t\t\t\t<div class=\"elementor-spacer\">\n\t\t\t<div class=\"elementor-spacer-inner\"><\/div>\n\t\t<\/div>\n\t\t\t\t\t\t<\/div>\n\t\t\t\t<\/div>\n\t\t\t\t\t<\/div>\n\t\t\t\t<\/div>\n\t\t\t\t<\/div>","protected":false},"excerpt":{"rendered":"<p>TINY HAOS Tiny House Teknik \u00d6zellikler Tiny House Teknik \u00d6zellikler HAOS DESIGN Mesaj G\u00f6nderin<\/p>","protected":false},"author":1,"featured_media":0,"parent":0,"menu_order":0,"comment_status":"closed","ping_status":"closed","template":"elementor_header_footer","meta":{"_acf_changed":false,"footnotes":""},"class_list":["post-13804","page","type-page","status-publish","hentry"],"acf":[],"yoast_head":"<!-- This site is optimized with the Yoast SEO plugin v26.2 - https:\/\/yoast.com\/wordpress\/plugins\/seo\/ -->\n<title>T\u0131ny Haos Teknik \u00d6zellikler - Haos Design<\/title>\n<meta name=\"robots\" content=\"index, follow, max-snippet:-1, max-image-preview:large, max-video-preview:-1\" \/>\n<link rel=\"canonical\" href=\"https:\/\/haos-design.com\/en\/tiny-haos-technical-specifications\/\" \/>\n<meta property=\"og:locale\" content=\"en_US\" \/>\n<meta property=\"og:type\" content=\"article\" \/>\n<meta property=\"og:title\" content=\"T\u0131ny Haos Teknik \u00d6zellikler - Haos Design\" \/>\n<meta property=\"og:description\" content=\"TINY HAOS Tiny House Teknik \u00d6zellikler Tiny House Teknik \u00d6zellikler HAOS DESIGN Mesaj G\u00f6nderin\" \/>\n<meta property=\"og:url\" content=\"https:\/\/haos-design.com\/en\/tiny-haos-technical-specifications\/\" \/>\n<meta property=\"og:site_name\" content=\"Haos Design\" \/>\n<meta property=\"article:modified_time\" content=\"2024-11-20T09:01:17+00:00\" \/>\n<meta name=\"twitter:card\" content=\"summary_large_image\" \/>\n<meta name=\"twitter:label1\" content=\"Est. reading time\" \/>\n\t<meta name=\"twitter:data1\" content=\"1 minute\" \/>\n<script type=\"application\/ld+json\" class=\"yoast-schema-graph\">{\"@context\":\"https:\/\/schema.org\",\"@graph\":[{\"@type\":\"WebPage\",\"@id\":\"https:\/\/haos-design.com\/tiny-haos-teknik-ozellikler\/\",\"url\":\"https:\/\/haos-design.com\/tiny-haos-teknik-ozellikler\/\",\"name\":\"T\u0131ny Haos Teknik \u00d6zellikler - Haos Design\",\"isPartOf\":{\"@id\":\"https:\/\/haos-design.com\/#website\"},\"datePublished\":\"2024-08-01T14:54:45+00:00\",\"dateModified\":\"2024-11-20T09:01:17+00:00\",\"breadcrumb\":{\"@id\":\"https:\/\/haos-design.com\/tiny-haos-teknik-ozellikler\/#breadcrumb\"},\"inLanguage\":\"en-US\",\"potentialAction\":[{\"@type\":\"ReadAction\",\"target\":[\"https:\/\/haos-design.com\/tiny-haos-teknik-ozellikler\/\"]}]},{\"@type\":\"BreadcrumbList\",\"@id\":\"https:\/\/haos-design.com\/tiny-haos-teknik-ozellikler\/#breadcrumb\",\"itemListElement\":[{\"@type\":\"ListItem\",\"position\":1,\"name\":\"Anasayfa\",\"item\":\"https:\/\/haos-design.com\/en\/\"},{\"@type\":\"ListItem\",\"position\":2,\"name\":\"T\u0131ny Haos Teknik \u00d6zellikler\"}]},{\"@type\":\"WebSite\",\"@id\":\"https:\/\/haos-design.com\/#website\",\"url\":\"https:\/\/haos-design.com\/\",\"name\":\"Haos Design\",\"description\":\"\",\"publisher\":{\"@id\":\"https:\/\/haos-design.com\/#organization\"},\"potentialAction\":[{\"@type\":\"SearchAction\",\"target\":{\"@type\":\"EntryPoint\",\"urlTemplate\":\"https:\/\/haos-design.com\/?s={search_term_string}\"},\"query-input\":{\"@type\":\"PropertyValueSpecification\",\"valueRequired\":true,\"valueName\":\"search_term_string\"}}],\"inLanguage\":\"en-US\"},{\"@type\":\"Organization\",\"@id\":\"https:\/\/haos-design.com\/#organization\",\"name\":\"Haos Design\",\"url\":\"https:\/\/haos-design.com\/\",\"logo\":{\"@type\":\"ImageObject\",\"inLanguage\":\"en-US\",\"@id\":\"https:\/\/haos-design.com\/#\/schema\/logo\/image\/\",\"url\":\"https:\/\/haos-design.com\/wp-content\/uploads\/2024\/08\/cropped-cropped-cropped-LOGO-33-1.png\",\"contentUrl\":\"https:\/\/haos-design.com\/wp-content\/uploads\/2024\/08\/cropped-cropped-cropped-LOGO-33-1.png\",\"width\":472,\"height\":491,\"caption\":\"Haos Design\"},\"image\":{\"@id\":\"https:\/\/haos-design.com\/#\/schema\/logo\/image\/\"}}]}<\/script>\n<!-- \/ Yoast SEO plugin. -->","yoast_head_json":{"title":"T\u0131ny Haos Teknik \u00d6zellikler - Haos Design","robots":{"index":"index","follow":"follow","max-snippet":"max-snippet:-1","max-image-preview":"max-image-preview:large","max-video-preview":"max-video-preview:-1"},"canonical":"https:\/\/haos-design.com\/en\/tiny-haos-technical-specifications\/","og_locale":"en_US","og_type":"article","og_title":"T\u0131ny Haos Teknik \u00d6zellikler - Haos Design","og_description":"TINY HAOS Tiny House Teknik \u00d6zellikler Tiny House Teknik \u00d6zellikler HAOS DESIGN Mesaj G\u00f6nderin","og_url":"https:\/\/haos-design.com\/en\/tiny-haos-technical-specifications\/","og_site_name":"Haos Design","article_modified_time":"2024-11-20T09:01:17+00:00","twitter_card":"summary_large_image","twitter_misc":{"Est. reading time":"1 minute"},"schema":{"@context":"https:\/\/schema.org","@graph":[{"@type":"WebPage","@id":"https:\/\/haos-design.com\/tiny-haos-teknik-ozellikler\/","url":"https:\/\/haos-design.com\/tiny-haos-teknik-ozellikler\/","name":"T\u0131ny Haos Teknik \u00d6zellikler - Haos Design","isPartOf":{"@id":"https:\/\/haos-design.com\/#website"},"datePublished":"2024-08-01T14:54:45+00:00","dateModified":"2024-11-20T09:01:17+00:00","breadcrumb":{"@id":"https:\/\/haos-design.com\/tiny-haos-teknik-ozellikler\/#breadcrumb"},"inLanguage":"en-US","potentialAction":[{"@type":"ReadAction","target":["https:\/\/haos-design.com\/tiny-haos-teknik-ozellikler\/"]}]},{"@type":"BreadcrumbList","@id":"https:\/\/haos-design.com\/tiny-haos-teknik-ozellikler\/#breadcrumb","itemListElement":[{"@type":"ListItem","position":1,"name":"Anasayfa","item":"https:\/\/haos-design.com\/en\/"},{"@type":"ListItem","position":2,"name":"T\u0131ny Haos Teknik \u00d6zellikler"}]},{"@type":"WebSite","@id":"https:\/\/haos-design.com\/#website","url":"https:\/\/haos-design.com\/","name":"Haos Design","description":"","publisher":{"@id":"https:\/\/haos-design.com\/#organization"},"potentialAction":[{"@type":"SearchAction","target":{"@type":"EntryPoint","urlTemplate":"https:\/\/haos-design.com\/?s={search_term_string}"},"query-input":{"@type":"PropertyValueSpecification","valueRequired":true,"valueName":"search_term_string"}}],"inLanguage":"en-US"},{"@type":"Organization","@id":"https:\/\/haos-design.com\/#organization","name":"Haos Design","url":"https:\/\/haos-design.com\/","logo":{"@type":"ImageObject","inLanguage":"en-US","@id":"https:\/\/haos-design.com\/#\/schema\/logo\/image\/","url":"https:\/\/haos-design.com\/wp-content\/uploads\/2024\/08\/cropped-cropped-cropped-LOGO-33-1.png","contentUrl":"https:\/\/haos-design.com\/wp-content\/uploads\/2024\/08\/cropped-cropped-cropped-LOGO-33-1.png","width":472,"height":491,"caption":"Haos Design"},"image":{"@id":"https:\/\/haos-design.com\/#\/schema\/logo\/image\/"}}]}},"_links":{"self":[{"href":"https:\/\/haos-design.com\/en\/wp-json\/wp\/v2\/pages\/13804","targetHints":{"allow":["GET"]}}],"collection":[{"href":"https:\/\/haos-design.com\/en\/wp-json\/wp\/v2\/pages"}],"about":[{"href":"https:\/\/haos-design.com\/en\/wp-json\/wp\/v2\/types\/page"}],"author":[{"embeddable":true,"href":"https:\/\/haos-design.com\/en\/wp-json\/wp\/v2\/users\/1"}],"replies":[{"embeddable":true,"href":"https:\/\/haos-design.com\/en\/wp-json\/wp\/v2\/comments?post=13804"}],"version-history":[{"count":29,"href":"https:\/\/haos-design.com\/en\/wp-json\/wp\/v2\/pages\/13804\/revisions"}],"predecessor-version":[{"id":34969,"href":"https:\/\/haos-design.com\/en\/wp-json\/wp\/v2\/pages\/13804\/revisions\/34969"}],"wp:attachment":[{"href":"https:\/\/haos-design.com\/en\/wp-json\/wp\/v2\/media?parent=13804"}],"curies":[{"name":"wp","href":"https:\/\/api.w.org\/{rel}","templated":true}]}}