{"id":13496,"date":"2022-04-09T07:45:10","date_gmt":"2022-04-09T07:45:10","guid":{"rendered":"https:\/\/hellixdemos.madrasthemes.com\/contact-us\/?page_id=17"},"modified":"2024-08-13T13:51:52","modified_gmt":"2024-08-13T13:51:52","slug":"iletisim","status":"publish","type":"page","link":"https:\/\/haos-design.com\/en\/contact\/","title":{"rendered":"Contact"},"content":{"rendered":"<div data-elementor-type=\"wp-page\" data-elementor-id=\"13496\" class=\"elementor elementor-13496\">\n\t\t\t\t\t\t<section class=\"elementor-section elementor-top-section elementor-element elementor-element-6d959677 elementor-section-full_width page-masthead bg-image js-lazy loaded page-masthead__bg elementor-section-height-default elementor-section-height-default\" data-id=\"6d959677\" data-element_type=\"section\" data-settings=\"{&quot;background_background&quot;:&quot;classic&quot;}\" data-parallax=\"0.6\">\n\t\t\t\t\t\t<div class=\"elementor-container elementor-column-gap-default container\">\n\t\t\t\t\t<div class=\"elementor-column elementor-col-100 elementor-top-column elementor-element elementor-element-2b0f07a2\" data-id=\"2b0f07a2\" data-element_type=\"column\">\n\t\t\t<div class=\"p-0 page-masthead__content elementor-widget-wrap elementor-element-populated\">\n\t\t\t\t\t\t<div class=\"elementor-section elementor-inner-section elementor-element elementor-element-5ece1c1b elementor-section-full_width elementor-section-height-default elementor-section-height-default\" data-id=\"5ece1c1b\" data-element_type=\"section\">\n\t\t\t\t\t\t<div class=\"elementor-container elementor-column-gap-default row justify-content-between md:justify-content-center align-items-center row-margin\">\n\t\t\t\t\t<div class=\"elementor-column elementor-col-50 elementor-inner-column elementor-element elementor-element-e7767d8 col-lg-9 col-md-10\" data-id=\"e7767d8\" data-element_type=\"column\" data-anim=\"slide-up delay-1\">\n\t\t\t<div class=\"p-0 elementor-widget-wrap elementor-element-populated\">\n\t\t\t\t\t\t<div class=\"elementor-element elementor-element-4473bd4d elementor-widget elementor-widget-highlighted-heading\" data-id=\"4473bd4d\" data-element_type=\"widget\" data-widget_type=\"highlighted-heading.default\">\n\t\t\t\t<div class=\"elementor-widget-container\">\n\t\t\t\t\t<div class=\"highlighted-heading__title page-masthead__subtitle\">Haos des\u0131gn<\/div>\t\t\t\t<\/div>\n\t\t\t\t<\/div>\n\t\t\t\t<div class=\"elementor-element elementor-element-6795df26 position-static elementor-widget elementor-widget-highlighted-heading\" data-id=\"6795df26\" data-element_type=\"widget\" data-widget_type=\"highlighted-heading.default\">\n\t\t\t\t<div class=\"elementor-widget-container\">\n\t\t\t\t\t<div class=\"highlighted-heading__title page-masthead__back_title\">Contact us<\/div>\t\t\t\t<\/div>\n\t\t\t\t<\/div>\n\t\t\t\t<div class=\"elementor-element elementor-element-2c266db0 elementor-widget elementor-widget-highlighted-heading\" data-id=\"2c266db0\" data-element_type=\"widget\" data-widget_type=\"highlighted-heading.default\">\n\t\t\t\t<div class=\"elementor-widget-container\">\n\t\t\t\t\t<h1 class=\"highlighted-heading__title page-masthead__title text-white\">Contact<\/h1>\t\t\t\t<\/div>\n\t\t\t\t<\/div>\n\t\t\t\t\t<\/div>\n\t\t<\/div>\n\t\t\t\t<div class=\"elementor-column elementor-col-50 elementor-inner-column elementor-element elementor-element-34858497 col-lg-auto col-12\" data-id=\"34858497\" data-element_type=\"column\">\n\t\t\t<div class=\"p-0 elementor-widget-wrap elementor-element-populated\">\n\t\t\t\t\t\t<div class=\"elementor-element elementor-element-7271da2e elementor-widget elementor-widget-hx-breadcrumb\" data-id=\"7271da2e\" data-element_type=\"widget\" data-widget_type=\"hx-breadcrumb.default\">\n\t\t\t\t<div class=\"elementor-widget-container\">\n\t\t\t\t\t<div data-anim=\"slide-up delay-1\" class=\"page-masthead-bread text-white md:mt-24 text-right\">Home<\/div>\t\t\t\t<\/div>\n\t\t\t\t<\/div>\n\t\t\t\t\t<\/div>\n\t\t<\/div>\n\t\t\t\t\t<\/div>\n\t\t<\/div>\n\t\t\t\t\t<\/div>\n\t\t<\/div>\n\t\t\t\t\t<\/div>\n\t\t<\/section>\n\t\t\t\t<section class=\"elementor-section elementor-top-section elementor-element elementor-element-4659634c elementor-section-full_width layout-pt-lg layout-pb-xl md:pb-64 elementor-section-height-default elementor-section-height-default\" data-id=\"4659634c\" data-element_type=\"section\">\n\t\t\t\t\t\t<div class=\"elementor-container elementor-column-gap-default container\">\n\t\t\t\t\t<div class=\"elementor-column elementor-col-100 elementor-top-column elementor-element elementor-element-50c1f292\" data-id=\"50c1f292\" data-element_type=\"column\">\n\t\t\t<div class=\"p-0 elementor-widget-wrap elementor-element-populated\">\n\t\t\t\t\t\t<section class=\"elementor-section elementor-inner-section elementor-element elementor-element-65333e4a elementor-section-full_width elementor-section-height-default elementor-section-height-default\" data-id=\"65333e4a\" data-element_type=\"section\">\n\t\t\t\t\t\t<div class=\"elementor-container elementor-column-gap-default row no-gutters\">\n\t\t\t\t\t<div class=\"elementor-column elementor-col-33 elementor-inner-column elementor-element elementor-element-5d0a6f5c col-xl-7 col-lg-7 z-1\" data-id=\"5d0a6f5c\" data-element_type=\"column\">\n\t\t\t<div class=\"p-0 h-auto elementor-widget-wrap elementor-element-populated\">\n\t\t\t\t\t\t<div class=\"elementor-element elementor-element-7d8c1e08 elementor-widget elementor-widget-google_maps\" data-id=\"7d8c1e08\" data-element_type=\"widget\" data-widget_type=\"google_maps.default\">\n\t\t\t\t<div class=\"elementor-widget-container\">\n\t\t\t\t\t\t\t<div class=\"elementor-custom-embed\">\n\t\t\t<iframe loading=\"lazy\"\n\t\t\t\t\tsrc=\"https:\/\/maps.google.com\/maps?q=Dervi%C5%9F%20Ali%2C%20Kesmekaya%20Cd.%20No%3A46%2C%2034087%20Fatih%2F%C4%B0stanbul%2C%20T%C3%BCrkiye&#038;t=m&#038;z=15&#038;output=embed&#038;iwloc=near\"\n\t\t\t\t\ttitle=\"Dervi\u015f Ali, Kesmekaya Cd. No:46, 34087 Fatih\/\u0130stanbul, T\u00fcrkiye\"\n\t\t\t\t\taria-label=\"Dervi\u015f Ali, Kesmekaya Cd. No:46, 34087 Fatih\/\u0130stanbul, T\u00fcrkiye\"\n\t\t\t><\/iframe>\n\t\t<\/div>\n\t\t\t\t\t\t<\/div>\n\t\t\t\t<\/div>\n\t\t\t\t\t<\/div>\n\t\t<\/div>\n\t\t\t\t<div class=\"elementor-column elementor-col-33 elementor-inner-column elementor-element elementor-element-665609d0 col-xl-4 col-lg-4 offset-lg-1\" data-id=\"665609d0\" data-element_type=\"column\">\n\t\t\t<div class=\"md:pt-40 md:pb-40 p-0 elementor-widget-wrap elementor-element-populated\">\n\t\t\t\t\t\t<div class=\"elementor-element elementor-element-7ff638b5 sectionHeading -left-line elementor-widget elementor-widget-highlighted-heading\" data-id=\"7ff638b5\" data-element_type=\"widget\" data-widget_type=\"highlighted-heading.default\">\n\t\t\t\t<div class=\"elementor-widget-container\">\n\t\t\t\t\t<span class=\"highlighted-heading__title sectionHeading__subtitle\">Contact Information<\/span>\t\t\t\t<\/div>\n\t\t\t\t<\/div>\n\t\t\t\t<div class=\"elementor-element elementor-element-7d56f26 sectionHeading -left-line elementor-widget elementor-widget-highlighted-heading\" data-id=\"7d56f26\" data-element_type=\"widget\" data-widget_type=\"highlighted-heading.default\">\n\t\t\t\t<div class=\"elementor-widget-container\">\n\t\t\t\t\t<h2 class=\"highlighted-heading__title sectionHeading__title\">Contact us<\/h2>\t\t\t\t<\/div>\n\t\t\t\t<\/div>\n\t\t\t\t<div class=\"elementor-element elementor-element-51442f64 text-sm text-black leading-4xl mt-48 md:mt-16 elementor-widget elementor-widget-text-editor\" data-id=\"51442f64\" data-element_type=\"widget\" data-widget_type=\"text-editor.default\">\n\t\t\t\t<div class=\"elementor-widget-container\">\n\t\t\t\t\t\t\t\t\t<p>Phone: 0850 309 77 77 32<\/p><p>Mail: info@haos-design.com<\/p><p>Address: Dervi\u015f Ali, Kesmekaya Cd. No:46, 34087 Fatih\/Istanbul, Turkey<\/p>\t\t\t\t\t\t\t\t<\/div>\n\t\t\t\t<\/div>\n\t\t\t\t<div class=\"elementor-element elementor-element-4bc6f480 sectionHeading__button mt-24 md:mt-20 elementor-widget elementor-widget-button\" data-id=\"4bc6f480\" data-element_type=\"widget\" data-widget_type=\"button.button-hellix\">\n\t\t\t\t<div class=\"elementor-widget-container\">\n\t\t\t\t\t\t\t<a href=\"https:\/\/www.google.com\/maps\/dir\/\/Dervi%C5%9F+Ali,+Kesmekaya+Cd.+No:46,+34087+Fatih%2F%C4%B0stanbul,+T%C3%BCrkiye\/@41.031145,28.94372,15z\/data=!4m18!1m8!3m7!1s0x14caba1ad0c5bf7b:0x4519e8a50f48ab80!2sDervi%C5%9F+Ali,+Kesmekaya+Cd.+No:46,+34087+Fatih%2F%C4%B0stanbul,+T%C3%BCrkiye!3b1!8m2!3d41.0311449!4d28.94372!16s%2Fg%2F11c2dlnpjn!4m8!1m0!1m5!1m1!1s0x14caba1ad0c5bf7b:0x4519e8a50f48ab80!2m2!1d28.94372!2d41.0311449!3e2!5m1!1e1?hl=tr-TR#038;entry=ttu\" class=\"hx-elementor-button hellix-button button  -simple button text-black\">\n\t\t\t\t\t\t<span class=\"hellix-elementor-button-text\">Directions<\/span>\n\t\t\t\t\t\t\t\n\t\t<\/a>\n\t\t\t\t\t\t<\/div>\n\t\t\t\t<\/div>\n\t\t\t\t<div class=\"elementor-element elementor-element-4eec308b socialsSection mt-24 elementor-shape-circle elementor-widget__width-inherit elementor-grid-0 e-grid-align-center elementor-widget elementor-widget-social-icons\" data-id=\"4eec308b\" data-element_type=\"widget\" data-widget_type=\"social-icons.default\">\n\t\t\t\t<div class=\"elementor-widget-container\">\n\t\t\t\t\t\t\t<div class=\"elementor-social-icons-wrapper elementor-grid\" role=\"list\">\n\t\t\t\t\t\t\t<span class=\"elementor-grid-item\" role=\"listitem\">\n\t\t\t\t\t<a class=\"elementor-icon elementor-social-icon elementor-social-icon-youtube elementor-repeater-item-6f6b08d\" href=\"https:\/\/www.youtube.com\/@haosdesign\" target=\"_blank\">\n\t\t\t\t\t\t<span class=\"elementor-screen-only\">Youtube<\/span>\n\t\t\t\t\t\t<svg aria-hidden=\"true\" class=\"e-font-icon-svg e-fab-youtube\" viewbox=\"0 0 576 512\" xmlns=\"http:\/\/www.w3.org\/2000\/svg\"><path d=\"M549.655 124.083c-6.281-23.65-24.787-42.276-48.284-48.597C458.781 64 288 64 288 64S117.22 64 74.629 75.486c-23.497 6.322-42.003 24.947-48.284 48.597-11.412 42.867-11.412 132.305-11.412 132.305s0 89.438 11.412 132.305c6.281 23.65 24.787 41.5 48.284 47.821C117.22 448 288 448 288 448s170.78 0 213.371-11.486c23.497-6.321 42.003-24.171 48.284-47.821 11.412-42.867 11.412-132.305 11.412-132.305s0-89.438-11.412-132.305zm-317.51 213.508V175.185l142.739 81.205-142.739 81.201z\"><\/path><\/svg>\t\t\t\t\t<\/a>\n\t\t\t\t<\/span>\n\t\t\t\t\t\t\t<span class=\"elementor-grid-item\" role=\"listitem\">\n\t\t\t\t\t<a class=\"elementor-icon elementor-social-icon elementor-social-icon-facebook elementor-repeater-item-49792a8\" href=\"https:\/\/www.facebook.com\/haosdesign\/\" target=\"_blank\">\n\t\t\t\t\t\t<span class=\"elementor-screen-only\">Facebook<\/span>\n\t\t\t\t\t\t<svg aria-hidden=\"true\" class=\"e-font-icon-svg e-fab-facebook\" viewbox=\"0 0 512 512\" xmlns=\"http:\/\/www.w3.org\/2000\/svg\"><path d=\"M504 256C504 119 393 8 256 8S8 119 8 256c0 123.78 90.69 226.38 209.25 245V327.69h-63V256h63v-54.64c0-62.15 37-96.48 93.67-96.48 27.14 0 55.52 4.84 55.52 4.84v61h-31.28c-30.8 0-40.41 19.12-40.41 38.73V256h68.78l-11 71.69h-57.78V501C413.31 482.38 504 379.78 504 256z\"><\/path><\/svg>\t\t\t\t\t<\/a>\n\t\t\t\t<\/span>\n\t\t\t\t\t\t\t<span class=\"elementor-grid-item\" role=\"listitem\">\n\t\t\t\t\t<a class=\"elementor-icon elementor-social-icon elementor-social-icon-instagram elementor-repeater-item-7b7fc0b\" href=\"https:\/\/www.instagram.com\/haosdesign\/\" target=\"_blank\">\n\t\t\t\t\t\t<span class=\"elementor-screen-only\">Instagram<\/span>\n\t\t\t\t\t\t<svg aria-hidden=\"true\" class=\"e-font-icon-svg e-fab-instagram\" viewbox=\"0 0 448 512\" xmlns=\"http:\/\/www.w3.org\/2000\/svg\"><path d=\"M224.1 141c-63.6 0-114.9 51.3-114.9 114.9s51.3 114.9 114.9 114.9S339 319.5 339 255.9 287.7 141 224.1 141zm0 189.6c-41.1 0-74.7-33.5-74.7-74.7s33.5-74.7 74.7-74.7 74.7 33.5 74.7 74.7-33.6 74.7-74.7 74.7zm146.4-194.3c0 14.9-12 26.8-26.8 26.8-14.9 0-26.8-12-26.8-26.8s12-26.8 26.8-26.8 26.8 12 26.8 26.8zm76.1 27.2c-1.7-35.9-9.9-67.7-36.2-93.9-26.2-26.2-58-34.4-93.9-36.2-37-2.1-147.9-2.1-184.9 0-35.8 1.7-67.6 9.9-93.9 36.1s-34.4 58-36.2 93.9c-2.1 37-2.1 147.9 0 184.9 1.7 35.9 9.9 67.7 36.2 93.9s58 34.4 93.9 36.2c37 2.1 147.9 2.1 184.9 0 35.9-1.7 67.7-9.9 93.9-36.2 26.2-26.2 34.4-58 36.2-93.9 2.1-37 2.1-147.8 0-184.8zM398.8 388c-7.8 19.6-22.9 34.7-42.6 42.6-29.5 11.7-99.5 9-132.1 9s-102.7 2.6-132.1-9c-19.6-7.8-34.7-22.9-42.6-42.6-11.7-29.5-9-99.5-9-132.1s-2.6-102.7 9-132.1c7.8-19.6 22.9-34.7 42.6-42.6 29.5-11.7 99.5-9 132.1-9s102.7-2.6 132.1 9c19.6 7.8 34.7 22.9 42.6 42.6 11.7 29.5 9 99.5 9 132.1s2.7 102.7-9 132.1z\"><\/path><\/svg>\t\t\t\t\t<\/a>\n\t\t\t\t<\/span>\n\t\t\t\t\t\t\t<span class=\"elementor-grid-item\" role=\"listitem\">\n\t\t\t\t\t<a class=\"elementor-icon elementor-social-icon elementor-social-icon-linkedin-in elementor-repeater-item-c5ff465\" href=\"https:\/\/tr.linkedin.com\/company\/haosdesign\" target=\"_blank\">\n\t\t\t\t\t\t<span class=\"elementor-screen-only\">Linkedin-in<\/span>\n\t\t\t\t\t\t<svg aria-hidden=\"true\" class=\"e-font-icon-svg e-fab-linkedin-in\" viewbox=\"0 0 448 512\" xmlns=\"http:\/\/www.w3.org\/2000\/svg\"><path d=\"M100.28 448H7.4V148.9h92.88zM53.79 108.1C24.09 108.1 0 83.5 0 53.8a53.79 53.79 0 0 1 107.58 0c0 29.7-24.1 54.3-53.79 54.3zM447.9 448h-92.68V302.4c0-34.7-.7-79.2-48.29-79.2-48.29 0-55.69 37.7-55.69 76.7V448h-92.78V148.9h89.08v40.8h1.3c12.4-23.5 42.69-48.3 87.88-48.3 94 0 111.28 61.9 111.28 142.3V448z\"><\/path><\/svg>\t\t\t\t\t<\/a>\n\t\t\t\t<\/span>\n\t\t\t\t\t<\/div>\n\t\t\t\t\t\t<\/div>\n\t\t\t\t<\/div>\n\t\t\t\t\t<\/div>\n\t\t<\/div>\n\t\t\t\t<div class=\"elementor-column elementor-col-33 elementor-inner-column elementor-element elementor-element-168e3856 col-xl-7 col-lg-7 offset-lg-5 z-5\" data-id=\"168e3856\" data-element_type=\"column\">\n\t\t\t<div class=\"mt-minus-xl md:mt-0 p-0 sectionHeading -left-line bg-dark py-48 px-48 md:py-20 md:px-20 elementor-widget-wrap elementor-element-populated\">\n\t\t\t\t\t\t<div class=\"elementor-element elementor-element-186e0ed6 elementor-widget elementor-widget-highlighted-heading\" data-id=\"186e0ed6\" data-element_type=\"widget\" data-widget_type=\"highlighted-heading.default\">\n\t\t\t\t<div class=\"elementor-widget-container\">\n\t\t\t\t\t<span class=\"highlighted-heading__title sectionHeading__subtitle text-white\">CONTACT FORM<\/span>\t\t\t\t<\/div>\n\t\t\t\t<\/div>\n\t\t\t\t<div class=\"elementor-element elementor-element-22a7f2d1 elementor-widget elementor-widget-highlighted-heading\" data-id=\"22a7f2d1\" data-element_type=\"widget\" data-widget_type=\"highlighted-heading.default\">\n\t\t\t\t<div class=\"elementor-widget-container\">\n\t\t\t\t\t<h2 class=\"highlighted-heading__title sectionHeading__title text-white\">Send Message<\/h2>\t\t\t\t<\/div>\n\t\t\t\t<\/div>\n\t\t\t\t<div class=\"elementor-element elementor-element-3772c61 elementor-widget elementor-widget-html\" data-id=\"3772c61\" data-element_type=\"widget\" data-widget_type=\"html.default\">\n\t\t\t\t<div class=\"elementor-widget-container\">\n\t\t\t\t\t\n<div class=\"wpcf7 no-js\" id=\"wpcf7-f14183-o1\" lang=\"tr-TR\" dir=\"ltr\" data-wpcf7-id=\"14183\">\n<div class=\"screen-reader-response\"><p role=\"status\" aria-live=\"polite\" aria-atomic=\"true\"><\/p> <ul><\/ul><\/div>\n<form action=\"\/en\/wp-json\/wp\/v2\/pages\/13496#wpcf7-f14183-o1\" method=\"post\" class=\"wpcf7-form init\" aria-label=\"\u0130leti\u015fim Formu\" novalidate=\"novalidate\" data-status=\"init\" data-trp-original-action=\"\/en\/wp-json\/wp\/v2\/pages\/13496#wpcf7-f14183-o1\">\n<fieldset class=\"hidden-fields-container\"><input type=\"hidden\" name=\"_wpcf7\" value=\"14183\" \/><input type=\"hidden\" name=\"_wpcf7_version\" value=\"6.1.2\" \/><input type=\"hidden\" name=\"_wpcf7_locale\" value=\"tr_TR\" \/><input type=\"hidden\" name=\"_wpcf7_unit_tag\" value=\"wpcf7-f14183-o1\" \/><input type=\"hidden\" name=\"_wpcf7_container_post\" value=\"0\" \/><input type=\"hidden\" name=\"_wpcf7_posted_data_hash\" value=\"\" \/><input type=\"hidden\" name=\"_wpcf7_recaptcha_response\" value=\"\" \/>\n<\/fieldset>\n<div class=\"d-flex mt-20\">\n<span class=\"wpcf7-form-control-wrap\" data-name=\"your-name\"><input size=\"40\" maxlength=\"400\" class=\"wpcf7-form-control wpcf7-text wpcf7-validates-as-required contact-input\" aria-required=\"true\" aria-invalid=\"false\" placeholder=\"Your Name and Surname\" value=\"\" type=\"text\" name=\"your-name\" \/><\/span>\n<span class=\"wpcf7-form-control-wrap\" data-name=\"your-email\"><input size=\"40\" maxlength=\"400\" class=\"wpcf7-form-control wpcf7-text wpcf7-validates-as-required contact-input\" aria-required=\"true\" aria-invalid=\"false\" placeholder=\"Your E-Mail Address\" value=\"\" type=\"text\" name=\"your-email\" \/><\/span>\n<\/div>\n<div class=\"d-flex mt-20\">\n<span class=\"wpcf7-form-control-wrap\" data-name=\"your-phone\"><input size=\"40\" maxlength=\"400\" class=\"wpcf7-form-control wpcf7-text wpcf7-validates-as-required contact-input\" aria-required=\"true\" aria-invalid=\"false\" placeholder=\"Your Phone Number\" value=\"\" type=\"text\" name=\"your-phone\" \/><\/span>\n<span class=\"wpcf7-form-control-wrap\" data-name=\"your-address\"><input size=\"40\" maxlength=\"400\" class=\"wpcf7-form-control wpcf7-text wpcf7-validates-as-required contact-input\" aria-required=\"true\" aria-invalid=\"false\" placeholder=\"Your address\" value=\"\" type=\"text\" name=\"your-address\" \/><\/span>\n<\/div>\n<div class=\"mt-20\">\n<span class=\"wpcf7-form-control-wrap\" data-name=\"your-subject\"><input size=\"40\" maxlength=\"400\" class=\"wpcf7-form-control wpcf7-text wpcf7-validates-as-required contact-input\" aria-required=\"true\" aria-invalid=\"false\" placeholder=\"Subject\" value=\"\" type=\"text\" name=\"your-subject\" \/><\/span>\n<\/div>\n<div class=\"mt-20\">\n<span class=\"wpcf7-form-control-wrap\" data-name=\"your-message\"><textarea cols=\"40\" rows=\"10\" maxlength=\"2000\" class=\"wpcf7-form-control wpcf7-textarea wpcf7-validates-as-required contact-input\" aria-required=\"true\" aria-invalid=\"false\" placeholder=\"Your message\" name=\"your-message\"><\/textarea><\/span>\n<\/div>\n\n<input class=\"wpcf7-form-control wpcf7-hidden\" value=\"\" type=\"hidden\" name=\"utm_source\" \/>\n<input class=\"wpcf7-form-control wpcf7-hidden\" value=\"\" type=\"hidden\" name=\"utm_medium\" \/>\n<input class=\"wpcf7-form-control wpcf7-hidden\" value=\"\" type=\"hidden\" name=\"utm_campaign\" \/>\n<input class=\"wpcf7-form-control wpcf7-hidden\" value=\"\" type=\"hidden\" name=\"utm_keyword\" \/>\n<input class=\"wpcf7-form-control wpcf7-hidden\" value=\"\" type=\"hidden\" name=\"utm_content\" \/>\n\n<input class=\"wpcf7-form-control wpcf7-submit has-spinner button -md -accent text-white mt-20\" type=\"submit\" value=\"Send\" \/><p style=\"display: none !important;\" class=\"akismet-fields-container\" data-prefix=\"_wpcf7_ak_\"><label>&#916;<textarea name=\"_wpcf7_ak_hp_textarea\" cols=\"45\" rows=\"8\" maxlength=\"100\"><\/textarea><\/label><input type=\"hidden\" id=\"ak_js_1\" name=\"_wpcf7_ak_js\" value=\"55\"\/><script>document.getElementById( \"ak_js_1\" ).setAttribute( \"value\", ( new Date() ).getTime() );<\/script><\/p><div class=\"wpcf7-response-output\" aria-hidden=\"true\"><\/div>\n<input type=\"hidden\" name=\"trp-form-language\" value=\"en\"\/><\/form>\n<\/div>\n\t\t\t\t<\/div>\n\t\t\t\t<\/div>\n\t\t\t\t\t<\/div>\n\t\t<\/div>\n\t\t\t\t\t<\/div>\n\t\t<\/section>\n\t\t\t\t\t<\/div>\n\t\t<\/div>\n\t\t\t\t\t<\/div>\n\t\t<\/section>\n\t\t\t\t<\/div>","protected":false},"excerpt":{"rendered":"<p>Haos des\u0131gn Bize Ula\u015f\u0131n \u0130leti\u015fim \u0130leti\u015fim Bilgilerimiz Bize Ula\u015f\u0131n Telefon: 0850 309 77 32 Mail: info@haos-design.com Adres: Dervi\u015f Ali, Kesmekaya Cd. No:46, 34087 Fatih\/\u0130stanbul, T\u00fcrkiye Yol Tarifi Youtube Facebook Instagram Linkedin-in \u0130LET\u0130\u015e\u0130M FORMU Mesaj G\u00f6nderin<\/p>","protected":false},"author":1,"featured_media":0,"parent":0,"menu_order":0,"comment_status":"closed","ping_status":"closed","template":"elementor_header_footer","meta":{"_acf_changed":false,"footnotes":""},"class_list":["post-13496","page","type-page","status-publish","hentry"],"acf":[],"yoast_head":"<!-- This site is optimized with the Yoast SEO plugin v26.2 - https:\/\/yoast.com\/wordpress\/plugins\/seo\/ -->\n<title>\u0130leti\u015fim - Haos Design<\/title>\n<meta name=\"robots\" content=\"index, follow, max-snippet:-1, max-image-preview:large, max-video-preview:-1\" \/>\n<link rel=\"canonical\" href=\"https:\/\/haos-design.com\/en\/contact\/\" \/>\n<meta property=\"og:locale\" content=\"en_US\" \/>\n<meta property=\"og:type\" content=\"article\" \/>\n<meta property=\"og:title\" content=\"\u0130leti\u015fim - Haos Design\" \/>\n<meta property=\"og:description\" content=\"Haos des\u0131gn Bize Ula\u015f\u0131n \u0130leti\u015fim \u0130leti\u015fim Bilgilerimiz Bize Ula\u015f\u0131n Telefon: 0850 309 77 32 Mail: info@haos-design.com Adres: Dervi\u015f Ali, Kesmekaya Cd. No:46, 34087 Fatih\/\u0130stanbul, T\u00fcrkiye Yol Tarifi Youtube Facebook Instagram Linkedin-in \u0130LET\u0130\u015e\u0130M FORMU Mesaj G\u00f6nderin\" \/>\n<meta property=\"og:url\" content=\"https:\/\/haos-design.com\/en\/contact\/\" \/>\n<meta property=\"og:site_name\" content=\"Haos Design\" \/>\n<meta property=\"article:modified_time\" content=\"2024-08-13T13:51:52+00:00\" \/>\n<meta name=\"twitter:card\" content=\"summary_large_image\" \/>\n<script type=\"application\/ld+json\" class=\"yoast-schema-graph\">{\"@context\":\"https:\/\/schema.org\",\"@graph\":[{\"@type\":\"WebPage\",\"@id\":\"https:\/\/haos-design.com\/iletisim\/\",\"url\":\"https:\/\/haos-design.com\/iletisim\/\",\"name\":\"\u0130leti\u015fim - Haos Design\",\"isPartOf\":{\"@id\":\"https:\/\/haos-design.com\/#website\"},\"datePublished\":\"2022-04-09T07:45:10+00:00\",\"dateModified\":\"2024-08-13T13:51:52+00:00\",\"breadcrumb\":{\"@id\":\"https:\/\/haos-design.com\/iletisim\/#breadcrumb\"},\"inLanguage\":\"en-US\",\"potentialAction\":[{\"@type\":\"ReadAction\",\"target\":[\"https:\/\/haos-design.com\/iletisim\/\"]}]},{\"@type\":\"BreadcrumbList\",\"@id\":\"https:\/\/haos-design.com\/iletisim\/#breadcrumb\",\"itemListElement\":[{\"@type\":\"ListItem\",\"position\":1,\"name\":\"Anasayfa\",\"item\":\"https:\/\/haos-design.com\/en\/\"},{\"@type\":\"ListItem\",\"position\":2,\"name\":\"\u0130leti\u015fim\"}]},{\"@type\":\"WebSite\",\"@id\":\"https:\/\/haos-design.com\/#website\",\"url\":\"https:\/\/haos-design.com\/\",\"name\":\"Haos Design\",\"description\":\"\",\"publisher\":{\"@id\":\"https:\/\/haos-design.com\/#organization\"},\"potentialAction\":[{\"@type\":\"SearchAction\",\"target\":{\"@type\":\"EntryPoint\",\"urlTemplate\":\"https:\/\/haos-design.com\/?s={search_term_string}\"},\"query-input\":{\"@type\":\"PropertyValueSpecification\",\"valueRequired\":true,\"valueName\":\"search_term_string\"}}],\"inLanguage\":\"en-US\"},{\"@type\":\"Organization\",\"@id\":\"https:\/\/haos-design.com\/#organization\",\"name\":\"Haos Design\",\"url\":\"https:\/\/haos-design.com\/\",\"logo\":{\"@type\":\"ImageObject\",\"inLanguage\":\"en-US\",\"@id\":\"https:\/\/haos-design.com\/#\/schema\/logo\/image\/\",\"url\":\"https:\/\/haos-design.com\/wp-content\/uploads\/2024\/08\/cropped-cropped-cropped-LOGO-33-1.png\",\"contentUrl\":\"https:\/\/haos-design.com\/wp-content\/uploads\/2024\/08\/cropped-cropped-cropped-LOGO-33-1.png\",\"width\":472,\"height\":491,\"caption\":\"Haos Design\"},\"image\":{\"@id\":\"https:\/\/haos-design.com\/#\/schema\/logo\/image\/\"}}]}<\/script>\n<!-- \/ Yoast SEO plugin. -->","yoast_head_json":{"title":"\u0130leti\u015fim - Haos Design","robots":{"index":"index","follow":"follow","max-snippet":"max-snippet:-1","max-image-preview":"max-image-preview:large","max-video-preview":"max-video-preview:-1"},"canonical":"https:\/\/haos-design.com\/en\/contact\/","og_locale":"en_US","og_type":"article","og_title":"\u0130leti\u015fim - Haos Design","og_description":"Haos des\u0131gn Bize Ula\u015f\u0131n \u0130leti\u015fim \u0130leti\u015fim Bilgilerimiz Bize Ula\u015f\u0131n Telefon: 0850 309 77 32 Mail: info@haos-design.com Adres: Dervi\u015f Ali, Kesmekaya Cd. No:46, 34087 Fatih\/\u0130stanbul, T\u00fcrkiye Yol Tarifi Youtube Facebook Instagram Linkedin-in \u0130LET\u0130\u015e\u0130M FORMU Mesaj G\u00f6nderin","og_url":"https:\/\/haos-design.com\/en\/contact\/","og_site_name":"Haos Design","article_modified_time":"2024-08-13T13:51:52+00:00","twitter_card":"summary_large_image","schema":{"@context":"https:\/\/schema.org","@graph":[{"@type":"WebPage","@id":"https:\/\/haos-design.com\/iletisim\/","url":"https:\/\/haos-design.com\/iletisim\/","name":"\u0130leti\u015fim - Haos Design","isPartOf":{"@id":"https:\/\/haos-design.com\/#website"},"datePublished":"2022-04-09T07:45:10+00:00","dateModified":"2024-08-13T13:51:52+00:00","breadcrumb":{"@id":"https:\/\/haos-design.com\/iletisim\/#breadcrumb"},"inLanguage":"en-US","potentialAction":[{"@type":"ReadAction","target":["https:\/\/haos-design.com\/iletisim\/"]}]},{"@type":"BreadcrumbList","@id":"https:\/\/haos-design.com\/iletisim\/#breadcrumb","itemListElement":[{"@type":"ListItem","position":1,"name":"Anasayfa","item":"https:\/\/haos-design.com\/en\/"},{"@type":"ListItem","position":2,"name":"\u0130leti\u015fim"}]},{"@type":"WebSite","@id":"https:\/\/haos-design.com\/#website","url":"https:\/\/haos-design.com\/","name":"Haos Design","description":"","publisher":{"@id":"https:\/\/haos-design.com\/#organization"},"potentialAction":[{"@type":"SearchAction","target":{"@type":"EntryPoint","urlTemplate":"https:\/\/haos-design.com\/?s={search_term_string}"},"query-input":{"@type":"PropertyValueSpecification","valueRequired":true,"valueName":"search_term_string"}}],"inLanguage":"en-US"},{"@type":"Organization","@id":"https:\/\/haos-design.com\/#organization","name":"Haos Design","url":"https:\/\/haos-design.com\/","logo":{"@type":"ImageObject","inLanguage":"en-US","@id":"https:\/\/haos-design.com\/#\/schema\/logo\/image\/","url":"https:\/\/haos-design.com\/wp-content\/uploads\/2024\/08\/cropped-cropped-cropped-LOGO-33-1.png","contentUrl":"https:\/\/haos-design.com\/wp-content\/uploads\/2024\/08\/cropped-cropped-cropped-LOGO-33-1.png","width":472,"height":491,"caption":"Haos Design"},"image":{"@id":"https:\/\/haos-design.com\/#\/schema\/logo\/image\/"}}]}},"_links":{"self":[{"href":"https:\/\/haos-design.com\/en\/wp-json\/wp\/v2\/pages\/13496","targetHints":{"allow":["GET"]}}],"collection":[{"href":"https:\/\/haos-design.com\/en\/wp-json\/wp\/v2\/pages"}],"about":[{"href":"https:\/\/haos-design.com\/en\/wp-json\/wp\/v2\/types\/page"}],"author":[{"embeddable":true,"href":"https:\/\/haos-design.com\/en\/wp-json\/wp\/v2\/users\/1"}],"replies":[{"embeddable":true,"href":"https:\/\/haos-design.com\/en\/wp-json\/wp\/v2\/comments?post=13496"}],"version-history":[{"count":64,"href":"https:\/\/haos-design.com\/en\/wp-json\/wp\/v2\/pages\/13496\/revisions"}],"predecessor-version":[{"id":16957,"href":"https:\/\/haos-design.com\/en\/wp-json\/wp\/v2\/pages\/13496\/revisions\/16957"}],"wp:attachment":[{"href":"https:\/\/haos-design.com\/en\/wp-json\/wp\/v2\/media?parent=13496"}],"curies":[{"name":"wp","href":"https:\/\/api.w.org\/{rel}","templated":true}]}}